{"id":837,"date":"2022-11-13T10:00:44","date_gmt":"2022-11-13T09:00:44","guid":{"rendered":"https:\/\/refpro.de\/shop\/?post_type=product&#038;p=837"},"modified":"2025-11-22T14:57:23","modified_gmt":"2025-11-22T13:57:23","slug":"refpro-10005","status":"publish","type":"product","link":"https:\/\/refpro.de\/shop\/produkt\/refpro-10005\/","title":{"rendered":"REFPRO individuell angepasstes Ohrst\u00fcck"},"content":{"rendered":"<p>Individuell angepasstes und ma\u00dfgefertigtes Ohrst\u00fcck f\u00fcr das REFPRO In-Ear-Headset.<br \/>\nBei der Herstellung wird ausschlie\u00dflich hochwertiges, medizinisch gepr\u00fcftes, weiches Silikon verwendet.<br \/>\nDies sorgt f\u00fcr perfekten Halt und hohe Langlebigkeit.<br \/>\nDie Fertigung erfolgt ausschlie\u00dflich in Deutschland.<\/p>\n<ul>\n<li>Perfekt auf den Benutzer zugeschnitten<\/li>\n<li>Optimale Passform (kein Dr\u00fccken \u00fcber Stunden)<\/li>\n<li>Sehr hautfreundlich durch hochqualitatives Material<\/li>\n<li>Einfach zu reinigen und auswaschbar<\/li>\n<li>Made in Germany<\/li>\n<\/ul>\n<p>Ablauf:<\/p>\n<ol>\n<li>Bestellung des Ohrst\u00fccks (direkt mit REFPRO-Headset oder nachtr\u00e4glich ohne)<\/li>\n<li>Zusendung weiterer Informationen &amp; Dokumente durch REFPRO an die angegebene Mailadresse<\/li>\n<li>Abformung durch H\u00f6rger\u00e4teakustiker in der N\u00e4he anfertigen lassen (gegen eine geringer Geb\u00fchr &#8211; wird durch K\u00e4ufer getragen)<\/li>\n<li>Versand der Abformung an REFPRO<\/li>\n<li>Nach 2-4 Wochen das angepasste Ohrst\u00fcck in den H\u00e4nden halten und den perfekten Komfort bei jedem Spiel genie\u00dfen.<\/li>\n<\/ol>\n","protected":false},"excerpt":{"rendered":"<ul>\n<li>Perfekt auf den Benutzer zugeschnitten<\/li>\n<li>Optimale Passform (kein Dr\u00fccken \u00fcber Stunden)<\/li>\n<li>Sehr hautfreundlich durch hochqualitatives Material<\/li>\n<li>Einfach zu reinigen und auswaschbar<\/li>\n<li>Made in Germany<\/li>\n<\/ul>\n","protected":false},"featured_media":843,"comment_status":"open","ping_status":"closed","template":"","meta":{"neve_meta_sidebar":"","neve_meta_container":"","neve_meta_enable_content_width":"off","neve_meta_content_width":70,"neve_meta_title_alignment":"","neve_meta_author_avatar":"","neve_post_elements_order":"","neve_meta_disable_header":"","neve_meta_disable_footer":"","neve_meta_disable_title":"","_themeisle_gutenberg_block_has_review":false},"product_brand":[],"product_cat":[15],"product_tag":[],"class_list":{"0":"post-837","1":"product","2":"type-product","3":"status-publish","4":"has-post-thumbnail","6":"product_cat-refpro","8":"first","9":"instock","10":"featured","11":"downloadable","12":"taxable","13":"shipping-taxable","14":"purchasable","15":"product-type-simple"},"aioseo_notices":[],"jetpack_sharing_enabled":true,"_links":{"self":[{"href":"https:\/\/refpro.de\/shop\/wp-json\/wp\/v2\/product\/837","targetHints":{"allow":["GET"]}}],"collection":[{"href":"https:\/\/refpro.de\/shop\/wp-json\/wp\/v2\/product"}],"about":[{"href":"https:\/\/refpro.de\/shop\/wp-json\/wp\/v2\/types\/product"}],"replies":[{"embeddable":true,"href":"https:\/\/refpro.de\/shop\/wp-json\/wp\/v2\/comments?post=837"}],"wp:featuredmedia":[{"embeddable":true,"href":"https:\/\/refpro.de\/shop\/wp-json\/wp\/v2\/media\/843"}],"wp:attachment":[{"href":"https:\/\/refpro.de\/shop\/wp-json\/wp\/v2\/media?parent=837"}],"wp:term":[{"taxonomy":"product_brand","embeddable":true,"href":"https:\/\/refpro.de\/shop\/wp-json\/wp\/v2\/product_brand?post=837"},{"taxonomy":"product_cat","embeddable":true,"href":"https:\/\/refpro.de\/shop\/wp-json\/wp\/v2\/product_cat?post=837"},{"taxonomy":"product_tag","embeddable":true,"href":"https:\/\/refpro.de\/shop\/wp-json\/wp\/v2\/product_tag?post=837"}],"curies":[{"name":"wp","href":"https:\/\/api.w.org\/{rel}","templated":true}]}}