{"id":1050,"date":"2022-12-05T20:28:24","date_gmt":"2022-12-05T19:28:24","guid":{"rendered":"https:\/\/refpro.de\/shop\/?page_id=1050"},"modified":"2024-06-30T18:01:29","modified_gmt":"2024-06-30T17:01:29","slug":"ueber-uns","status":"publish","type":"page","link":"https:\/\/refpro.de\/shop\/ueber-uns\/","title":{"rendered":"\u00dcber Uns"},"content":{"rendered":"\n<div id=\"wp-block-themeisle-blocks-advanced-columns-42cf2263\" class=\"wp-block-themeisle-blocks-advanced-columns has-1-columns has-desktop-equal-layout has-tablet-equal-layout has-mobile-equal-layout has-vertical-unset\"><div class=\"wp-block-themeisle-blocks-advanced-columns-overlay\"><\/div><div class=\"innerblocks-wrap\">\n<div id=\"wp-block-themeisle-blocks-advanced-column-e8fb5f9d\" class=\"wp-block-themeisle-blocks-advanced-column\"><\/div>\n<\/div><\/div>\n\n\n\n<div style=\"height:30px\" aria-hidden=\"true\" class=\"wp-block-spacer\"><\/div>\n\n\n\n<div class=\"wp-block-media-text alignwide\" style=\"grid-template-columns:24% auto\"><figure class=\"wp-block-media-text__media\"><img data-recalc-dims=\"1\" loading=\"lazy\" decoding=\"async\" width=\"300\" height=\"300\" src=\"https:\/\/i0.wp.com\/refpro.de\/shop\/wp-content\/uploads\/2020\/10\/RefPro.jpg?resize=300%2C300&#038;ssl=1\" alt=\"\" class=\"wp-image-34 size-medium\" srcset=\"https:\/\/i0.wp.com\/refpro.de\/shop\/wp-content\/uploads\/2020\/10\/RefPro.jpg?resize=300%2C300&amp;ssl=1 300w, https:\/\/i0.wp.com\/refpro.de\/shop\/wp-content\/uploads\/2020\/10\/RefPro.jpg?resize=400%2C400&amp;ssl=1 400w, https:\/\/i0.wp.com\/refpro.de\/shop\/wp-content\/uploads\/2020\/10\/RefPro.jpg?resize=100%2C100&amp;ssl=1 100w, https:\/\/i0.wp.com\/refpro.de\/shop\/wp-content\/uploads\/2020\/10\/RefPro.jpg?resize=600%2C600&amp;ssl=1 600w, https:\/\/i0.wp.com\/refpro.de\/shop\/wp-content\/uploads\/2020\/10\/RefPro.jpg?resize=1024%2C1024&amp;ssl=1 1024w, https:\/\/i0.wp.com\/refpro.de\/shop\/wp-content\/uploads\/2020\/10\/RefPro.jpg?resize=150%2C150&amp;ssl=1 150w, https:\/\/i0.wp.com\/refpro.de\/shop\/wp-content\/uploads\/2020\/10\/RefPro.jpg?resize=768%2C768&amp;ssl=1 768w, https:\/\/i0.wp.com\/refpro.de\/shop\/wp-content\/uploads\/2020\/10\/RefPro.jpg?w=1080&amp;ssl=1 1080w\" sizes=\"auto, (max-width: 300px) 100vw, 300px\" \/><\/figure><div class=\"wp-block-media-text__content\">\n<h2 class=\"wp-block-heading has-large-font-size\">Werde auch Du zum REFPRO<\/h2>\n\n\n\n<p>Wir sind seit Jahren erfolgreich als Fu\u00dfball-Schiedsrichter auf vielen Pl\u00e4tzen in Deutschland und \u00d6sterreich unterwegs. Aber eins hatte uns immer gest\u00f6rt. F\u00fcr eine optimale Spielleitung braucht man st\u00e4ndige Kommunikation mit seinen Assistenten. Klar kennt jeder die Spr\u00fcche \u00e4lterer Kollegen:<br><em>&#8222;Damals hats auch ohne funktioniert.&#8220;<br><\/em>Aber warum nicht die Technik nutzen, wenn wir sie heute haben?!<br>Also ging es auf die Suche nach einem geeigneten Headset. Das Ergebnis war entt\u00e4uschend. Entweder man gab ein Verm\u00f6gen aus, f\u00fcr das man sich einen Kleinwagen h\u00e4tte kaufen k\u00f6nnen (aber wie soll ich dann zum Spiel kommen?) oder die Qualit\u00e4t war schlecht, weil unerfahrene Techniker einfach was auf den Markt geworfen hatten, mit der Hoffnung, es w\u00fcrde schon irgendwie funktionieren. Dies wollten wir \u00e4ndern &#8230;<\/p>\n<\/div><\/div>\n\n\n\n<div class=\"wp-block-media-text alignwide has-media-on-the-right\" style=\"grid-template-columns:auto 16%\"><div class=\"wp-block-media-text__content\">\n<h2 class=\"wp-block-heading has-large-font-size\">DAS Headset<\/h2>\n\n\n\n<p>Unser Ergebnis: Das REFPRO Schiedsrichter-Headset. Wir haben ein Headset entwickelt, welches bezahlbar ist und gleichzeitig genau den Anforderungen des modernen Schiedsrichters mit seinen Assistenten gerecht wird. Mit Stolz k\u00f6nnen wir behaupten &#8211; WIR HABENS GESCHAFFT &#8211; unser Headset wird europaweit in nahezu allen Ligen und vielen Sportarten genutzt. Vom Amateur bis zum Profi. Jeder soll die Erfahrung machen k\u00f6nnen! Kein Zittern mehr vor dem n\u00e4chsten Beobachtungsspiel, ob das Headset auch wirklich 100%ig funktioniert &#8230;<\/p>\n<\/div><figure class=\"wp-block-media-text__media\"><img data-recalc-dims=\"1\" loading=\"lazy\" decoding=\"async\" width=\"174\" height=\"300\" src=\"https:\/\/i0.wp.com\/refpro.de\/shop\/wp-content\/uploads\/2020\/12\/Device_trans.png?resize=174%2C300&#038;ssl=1\" alt=\"\" class=\"wp-image-188 size-medium\" srcset=\"https:\/\/i0.wp.com\/refpro.de\/shop\/wp-content\/uploads\/2020\/12\/Device_trans.png?resize=174%2C300&amp;ssl=1 174w, https:\/\/i0.wp.com\/refpro.de\/shop\/wp-content\/uploads\/2020\/12\/Device_trans.png?resize=400%2C688&amp;ssl=1 400w, https:\/\/i0.wp.com\/refpro.de\/shop\/wp-content\/uploads\/2020\/12\/Device_trans.png?w=515&amp;ssl=1 515w\" sizes=\"auto, (max-width: 174px) 100vw, 174px\" \/><\/figure><\/div>\n\n\n\n<h2 class=\"wp-block-heading has-large-font-size\">Unsere Produkte im Einsatz:<\/h2>\n\n\n\n<div class=\"wp-block-jetpack-tiled-gallery aligncenter is-style-columns\" style=\"padding-top:0;padding-right:0;padding-bottom:0;padding-left:0\"><div class=\"\"><div class=\"tiled-gallery__gallery\"><div class=\"tiled-gallery__row\"><div class=\"tiled-gallery__col\" style=\"flex-basis:11.19025%\"><figure class=\"tiled-gallery__item\"><img decoding=\"async\" srcset=\"https:\/\/i0.wp.com\/refpro.de\/shop\/wp-content\/uploads\/2024\/01\/verband-1.jpg?strip=info&#038;w=150&#038;ssl=1 150w\" alt=\"\" data-height=\"150\" data-id=\"1734\" data-link=\"https:\/\/refpro.de\/shop\/ueber-uns\/verband-1\/\" data-url=\"https:\/\/refpro.de\/shop\/wp-content\/uploads\/2024\/01\/verband-1.jpg\" data-width=\"150\" src=\"https:\/\/i0.wp.com\/refpro.de\/shop\/wp-content\/uploads\/2024\/01\/verband-1.jpg?ssl=1\" data-amp-layout=\"responsive\"\/><\/figure><figure class=\"tiled-gallery__item\"><img decoding=\"async\" srcset=\"https:\/\/i0.wp.com\/refpro.de\/shop\/wp-content\/uploads\/2024\/01\/verband-1-150x150.png?strip=info&#038;w=320&#038;ssl=1 320w\" alt=\"\" data-height=\"158\" data-id=\"1735\" data-link=\"https:\/\/refpro.de\/shop\/ueber-uns\/verband-1-2\/\" data-url=\"https:\/\/refpro.de\/shop\/wp-content\/uploads\/2024\/01\/verband-1-150x150.png\" data-width=\"320\" src=\"https:\/\/i0.wp.com\/refpro.de\/shop\/wp-content\/uploads\/2024\/01\/verband-1-150x150.png?ssl=1\" data-amp-layout=\"responsive\"\/><\/figure><\/div><div class=\"tiled-gallery__col\" style=\"flex-basis:8.42488%\"><figure class=\"tiled-gallery__item\"><img decoding=\"async\" srcset=\"https:\/\/i1.wp.com\/refpro.de\/shop\/wp-content\/uploads\/2024\/01\/verband-2.jpg?strip=info&#038;w=150&#038;ssl=1 150w\" alt=\"\" data-height=\"150\" data-id=\"1736\" data-link=\"https:\/\/refpro.de\/shop\/ueber-uns\/verband-2\/\" data-url=\"https:\/\/refpro.de\/shop\/wp-content\/uploads\/2024\/01\/verband-2.jpg\" data-width=\"150\" src=\"https:\/\/i1.wp.com\/refpro.de\/shop\/wp-content\/uploads\/2024\/01\/verband-2.jpg?ssl=1\" data-amp-layout=\"responsive\"\/><\/figure><figure class=\"tiled-gallery__item\"><img decoding=\"async\" srcset=\"https:\/\/i2.wp.com\/refpro.de\/shop\/wp-content\/uploads\/2024\/01\/verband-3.jpg?strip=info&#038;w=150&#038;ssl=1 150w\" alt=\"\" data-height=\"150\" data-id=\"1737\" data-link=\"https:\/\/refpro.de\/shop\/ueber-uns\/verband-3\/\" data-url=\"https:\/\/refpro.de\/shop\/wp-content\/uploads\/2024\/01\/verband-3.jpg\" data-width=\"150\" src=\"https:\/\/i2.wp.com\/refpro.de\/shop\/wp-content\/uploads\/2024\/01\/verband-3.jpg?ssl=1\" data-amp-layout=\"responsive\"\/><\/figure><\/div><div class=\"tiled-gallery__col\" style=\"flex-basis:8.39759%\"><figure class=\"tiled-gallery__item\"><img decoding=\"async\" srcset=\"https:\/\/i0.wp.com\/refpro.de\/shop\/wp-content\/uploads\/2024\/01\/verband-4.jpg?strip=info&#038;w=149&#038;ssl=1 149w\" alt=\"\" data-height=\"150\" data-id=\"1738\" data-link=\"https:\/\/refpro.de\/shop\/ueber-uns\/verband-4\/\" data-url=\"https:\/\/refpro.de\/shop\/wp-content\/uploads\/2024\/01\/verband-4.jpg\" data-width=\"149\" src=\"https:\/\/i0.wp.com\/refpro.de\/shop\/wp-content\/uploads\/2024\/01\/verband-4.jpg?ssl=1\" data-amp-layout=\"responsive\"\/><\/figure><figure class=\"tiled-gallery__item\"><img decoding=\"async\" srcset=\"https:\/\/i1.wp.com\/refpro.de\/shop\/wp-content\/uploads\/2024\/01\/verband-4.png?strip=info&#038;w=100&#038;ssl=1 100w\" alt=\"\" data-height=\"100\" data-id=\"1739\" data-link=\"https:\/\/refpro.de\/shop\/ueber-uns\/verband-4-2\/\" data-url=\"https:\/\/refpro.de\/shop\/wp-content\/uploads\/2024\/01\/verband-4.png\" data-width=\"100\" src=\"https:\/\/i1.wp.com\/refpro.de\/shop\/wp-content\/uploads\/2024\/01\/verband-4.png?ssl=1\" data-amp-layout=\"responsive\"\/><\/figure><\/div><div class=\"tiled-gallery__col\" style=\"flex-basis:8.42488%\"><figure class=\"tiled-gallery__item\"><img decoding=\"async\" srcset=\"https:\/\/i2.wp.com\/refpro.de\/shop\/wp-content\/uploads\/2024\/01\/verband-5.jpg?strip=info&#038;w=150&#038;ssl=1 150w\" alt=\"\" data-height=\"150\" data-id=\"1740\" data-link=\"https:\/\/refpro.de\/shop\/ueber-uns\/verband-5\/\" data-url=\"https:\/\/refpro.de\/shop\/wp-content\/uploads\/2024\/01\/verband-5.jpg\" data-width=\"150\" src=\"https:\/\/i2.wp.com\/refpro.de\/shop\/wp-content\/uploads\/2024\/01\/verband-5.jpg?ssl=1\" data-amp-layout=\"responsive\"\/><\/figure><figure class=\"tiled-gallery__item\"><img decoding=\"async\" srcset=\"https:\/\/i2.wp.com\/refpro.de\/shop\/wp-content\/uploads\/2024\/01\/verband-5-150x150.png?strip=info&#038;w=225&#038;ssl=1 225w\" alt=\"\" data-height=\"225\" data-id=\"1741\" data-link=\"https:\/\/refpro.de\/shop\/ueber-uns\/verband-5-2\/\" data-url=\"https:\/\/refpro.de\/shop\/wp-content\/uploads\/2024\/01\/verband-5-150x150.png\" data-width=\"225\" src=\"https:\/\/i2.wp.com\/refpro.de\/shop\/wp-content\/uploads\/2024\/01\/verband-5-150x150.png?ssl=1\" data-amp-layout=\"responsive\"\/><\/figure><\/div><div class=\"tiled-gallery__col\" style=\"flex-basis:6.92885%\"><figure class=\"tiled-gallery__item\"><img decoding=\"async\" srcset=\"https:\/\/i1.wp.com\/refpro.de\/shop\/wp-content\/uploads\/2024\/01\/verband-6.jpg?strip=info&#038;w=104&#038;ssl=1 104w\" alt=\"\" data-height=\"150\" data-id=\"1742\" data-link=\"https:\/\/refpro.de\/shop\/ueber-uns\/verband-6\/\" data-url=\"https:\/\/refpro.de\/shop\/wp-content\/uploads\/2024\/01\/verband-6.jpg\" data-width=\"104\" src=\"https:\/\/i1.wp.com\/refpro.de\/shop\/wp-content\/uploads\/2024\/01\/verband-6.jpg?ssl=1\" data-amp-layout=\"responsive\"\/><\/figure><figure class=\"tiled-gallery__item\"><img decoding=\"async\" srcset=\"https:\/\/i1.wp.com\/refpro.de\/shop\/wp-content\/uploads\/2024\/01\/verband-7.jpg?strip=info&#038;w=149&#038;ssl=1 149w\" alt=\"\" data-height=\"150\" data-id=\"1743\" data-link=\"https:\/\/refpro.de\/shop\/ueber-uns\/verband-7\/\" data-url=\"https:\/\/refpro.de\/shop\/wp-content\/uploads\/2024\/01\/verband-7.jpg\" data-width=\"149\" src=\"https:\/\/i1.wp.com\/refpro.de\/shop\/wp-content\/uploads\/2024\/01\/verband-7.jpg?ssl=1\" data-amp-layout=\"responsive\"\/><\/figure><\/div><div class=\"tiled-gallery__col\" style=\"flex-basis:8.66253%\"><figure class=\"tiled-gallery__item\"><img decoding=\"async\" srcset=\"https:\/\/i2.wp.com\/refpro.de\/shop\/wp-content\/uploads\/2024\/01\/verband-8.jpg?strip=info&#038;w=150&#038;ssl=1 150w\" alt=\"\" data-height=\"150\" data-id=\"1744\" data-link=\"https:\/\/refpro.de\/shop\/ueber-uns\/verband-8\/\" data-url=\"https:\/\/refpro.de\/shop\/wp-content\/uploads\/2024\/01\/verband-8.jpg\" data-width=\"150\" src=\"https:\/\/i2.wp.com\/refpro.de\/shop\/wp-content\/uploads\/2024\/01\/verband-8.jpg?ssl=1\" data-amp-layout=\"responsive\"\/><\/figure><figure class=\"tiled-gallery__item\"><img decoding=\"async\" srcset=\"https:\/\/i2.wp.com\/refpro.de\/shop\/wp-content\/uploads\/2024\/01\/verband-9-150x150.jpg?strip=info&#038;w=159&#038;ssl=1 159w\" alt=\"\" data-height=\"150\" data-id=\"1746\" data-link=\"https:\/\/refpro.de\/shop\/ueber-uns\/verband-9\/\" data-url=\"https:\/\/refpro.de\/shop\/wp-content\/uploads\/2024\/01\/verband-9-150x150.jpg\" data-width=\"159\" src=\"https:\/\/i2.wp.com\/refpro.de\/shop\/wp-content\/uploads\/2024\/01\/verband-9-150x150.jpg?ssl=1\" data-amp-layout=\"responsive\"\/><\/figure><\/div><div class=\"tiled-gallery__col\" style=\"flex-basis:8.57918%\"><figure class=\"tiled-gallery__item\"><img decoding=\"async\" srcset=\"https:\/\/i2.wp.com\/refpro.de\/shop\/wp-content\/uploads\/2024\/01\/verband-10.jpg?strip=info&#038;w=148&#038;ssl=1 148w\" alt=\"\" data-height=\"150\" data-id=\"1747\" data-link=\"https:\/\/refpro.de\/shop\/ueber-uns\/verband-10\/\" data-url=\"https:\/\/refpro.de\/shop\/wp-content\/uploads\/2024\/01\/verband-10.jpg\" data-width=\"148\" src=\"https:\/\/i2.wp.com\/refpro.de\/shop\/wp-content\/uploads\/2024\/01\/verband-10.jpg?ssl=1\" data-amp-layout=\"responsive\"\/><\/figure><figure class=\"tiled-gallery__item\"><img decoding=\"async\" srcset=\"https:\/\/i0.wp.com\/refpro.de\/shop\/wp-content\/uploads\/2024\/01\/verband-11-150x150.jpg?strip=info&#038;w=158&#038;ssl=1 158w\" alt=\"\" data-height=\"150\" data-id=\"1748\" data-link=\"https:\/\/refpro.de\/shop\/ueber-uns\/verband-11\/\" data-url=\"https:\/\/refpro.de\/shop\/wp-content\/uploads\/2024\/01\/verband-11-150x150.jpg\" data-width=\"158\" src=\"https:\/\/i0.wp.com\/refpro.de\/shop\/wp-content\/uploads\/2024\/01\/verband-11-150x150.jpg?ssl=1\" data-amp-layout=\"responsive\"\/><\/figure><\/div><div class=\"tiled-gallery__col\" style=\"flex-basis:6.66662%\"><figure class=\"tiled-gallery__item\"><img decoding=\"async\" srcset=\"https:\/\/i1.wp.com\/refpro.de\/shop\/wp-content\/uploads\/2024\/01\/verband-12.jpg?strip=info&#038;w=96&#038;ssl=1 96w\" alt=\"\" data-height=\"150\" data-id=\"1749\" data-link=\"https:\/\/refpro.de\/shop\/ueber-uns\/verband-12\/\" data-url=\"https:\/\/refpro.de\/shop\/wp-content\/uploads\/2024\/01\/verband-12.jpg\" data-width=\"96\" src=\"https:\/\/i1.wp.com\/refpro.de\/shop\/wp-content\/uploads\/2024\/01\/verband-12.jpg?ssl=1\" data-amp-layout=\"responsive\"\/><\/figure><figure class=\"tiled-gallery__item\"><img decoding=\"async\" srcset=\"https:\/\/i1.wp.com\/refpro.de\/shop\/wp-content\/uploads\/2024\/01\/verband-13-150x150.jpg?strip=info&#038;w=152&#038;ssl=1 152w\" alt=\"\" data-height=\"150\" data-id=\"1750\" data-link=\"https:\/\/refpro.de\/shop\/ueber-uns\/verband-13\/\" data-url=\"https:\/\/refpro.de\/shop\/wp-content\/uploads\/2024\/01\/verband-13-150x150.jpg\" data-width=\"152\" src=\"https:\/\/i1.wp.com\/refpro.de\/shop\/wp-content\/uploads\/2024\/01\/verband-13-150x150.jpg?ssl=1\" data-amp-layout=\"responsive\"\/><\/figure><\/div><div class=\"tiled-gallery__col\" style=\"flex-basis:8.42488%\"><figure class=\"tiled-gallery__item\"><img decoding=\"async\" srcset=\"https:\/\/i0.wp.com\/refpro.de\/shop\/wp-content\/uploads\/2024\/01\/verband-14.jpg?strip=info&#038;w=150&#038;ssl=1 150w\" alt=\"\" data-height=\"150\" data-id=\"1751\" data-link=\"https:\/\/refpro.de\/shop\/ueber-uns\/verband-14\/\" data-url=\"https:\/\/refpro.de\/shop\/wp-content\/uploads\/2024\/01\/verband-14.jpg\" data-width=\"150\" src=\"https:\/\/i0.wp.com\/refpro.de\/shop\/wp-content\/uploads\/2024\/01\/verband-14.jpg?ssl=1\" data-amp-layout=\"responsive\"\/><\/figure><figure class=\"tiled-gallery__item\"><img decoding=\"async\" srcset=\"https:\/\/i2.wp.com\/refpro.de\/shop\/wp-content\/uploads\/2024\/01\/verband-17.jpg?strip=info&#038;w=150&#038;ssl=1 150w\" alt=\"\" data-height=\"150\" data-id=\"1754\" data-link=\"https:\/\/refpro.de\/shop\/ueber-uns\/verband-17\/\" data-url=\"https:\/\/refpro.de\/shop\/wp-content\/uploads\/2024\/01\/verband-17.jpg\" data-width=\"150\" src=\"https:\/\/i2.wp.com\/refpro.de\/shop\/wp-content\/uploads\/2024\/01\/verband-17.jpg?ssl=1\" data-amp-layout=\"responsive\"\/><\/figure><\/div><div class=\"tiled-gallery__col\" style=\"flex-basis:8.42488%\"><figure class=\"tiled-gallery__item\"><img decoding=\"async\" srcset=\"https:\/\/i0.wp.com\/refpro.de\/shop\/wp-content\/uploads\/2024\/01\/verband-18.jpg?strip=info&#038;w=150&#038;ssl=1 150w\" alt=\"\" data-height=\"150\" data-id=\"1755\" data-link=\"https:\/\/refpro.de\/shop\/ueber-uns\/verband-18\/\" data-url=\"https:\/\/refpro.de\/shop\/wp-content\/uploads\/2024\/01\/verband-18.jpg\" data-width=\"150\" src=\"https:\/\/i0.wp.com\/refpro.de\/shop\/wp-content\/uploads\/2024\/01\/verband-18.jpg?ssl=1\" data-amp-layout=\"responsive\"\/><\/figure><figure class=\"tiled-gallery__item\"><img decoding=\"async\" srcset=\"https:\/\/i0.wp.com\/refpro.de\/shop\/wp-content\/uploads\/2024\/01\/verband-19.jpg?strip=info&#038;w=150&#038;ssl=1 150w\" alt=\"\" data-height=\"150\" data-id=\"1756\" data-link=\"https:\/\/refpro.de\/shop\/ueber-uns\/verband-19\/\" data-url=\"https:\/\/refpro.de\/shop\/wp-content\/uploads\/2024\/01\/verband-19.jpg\" data-width=\"150\" src=\"https:\/\/i0.wp.com\/refpro.de\/shop\/wp-content\/uploads\/2024\/01\/verband-19.jpg?ssl=1\" data-amp-layout=\"responsive\"\/><\/figure><\/div><div class=\"tiled-gallery__col\" style=\"flex-basis:7.45060%\"><figure class=\"tiled-gallery__item\"><img decoding=\"async\" srcset=\"https:\/\/i0.wp.com\/refpro.de\/shop\/wp-content\/uploads\/2024\/01\/verband-20.jpg?strip=info&#038;w=118&#038;ssl=1 118w\" alt=\"\" data-height=\"150\" data-id=\"1757\" data-link=\"https:\/\/refpro.de\/shop\/ueber-uns\/verband-20\/\" data-url=\"https:\/\/refpro.de\/shop\/wp-content\/uploads\/2024\/01\/verband-20.jpg\" data-width=\"118\" src=\"https:\/\/i0.wp.com\/refpro.de\/shop\/wp-content\/uploads\/2024\/01\/verband-20.jpg?ssl=1\" data-amp-layout=\"responsive\"\/><\/figure><figure class=\"tiled-gallery__item\"><img decoding=\"async\" srcset=\"https:\/\/i0.wp.com\/refpro.de\/shop\/wp-content\/uploads\/2024\/01\/verband-21.jpg?strip=info&#038;w=150&#038;ssl=1 150w\" alt=\"\" data-height=\"150\" data-id=\"1758\" data-link=\"https:\/\/refpro.de\/shop\/ueber-uns\/verband-21\/\" data-url=\"https:\/\/refpro.de\/shop\/wp-content\/uploads\/2024\/01\/verband-21.jpg\" data-width=\"150\" src=\"https:\/\/i0.wp.com\/refpro.de\/shop\/wp-content\/uploads\/2024\/01\/verband-21.jpg?ssl=1\" data-amp-layout=\"responsive\"\/><\/figure><\/div><div class=\"tiled-gallery__col\" style=\"flex-basis:8.42488%\"><figure class=\"tiled-gallery__item\"><img decoding=\"async\" srcset=\"https:\/\/i2.wp.com\/refpro.de\/shop\/wp-content\/uploads\/2024\/01\/verband-22.jpg?strip=info&#038;w=150&#038;ssl=1 150w\" alt=\"\" data-height=\"150\" data-id=\"1759\" data-link=\"https:\/\/refpro.de\/shop\/ueber-uns\/verband-22\/\" data-url=\"https:\/\/refpro.de\/shop\/wp-content\/uploads\/2024\/01\/verband-22.jpg\" data-width=\"150\" src=\"https:\/\/i2.wp.com\/refpro.de\/shop\/wp-content\/uploads\/2024\/01\/verband-22.jpg?ssl=1\" data-amp-layout=\"responsive\"\/><\/figure><figure class=\"tiled-gallery__item\"><img decoding=\"async\" srcset=\"https:\/\/i1.wp.com\/refpro.de\/shop\/wp-content\/uploads\/2024\/01\/verband-23.jpg?strip=info&#038;w=150&#038;ssl=1 150w\" alt=\"\" data-height=\"150\" data-id=\"1760\" data-link=\"https:\/\/refpro.de\/shop\/ueber-uns\/verband-23\/\" data-url=\"https:\/\/refpro.de\/shop\/wp-content\/uploads\/2024\/01\/verband-23.jpg\" data-width=\"150\" src=\"https:\/\/i1.wp.com\/refpro.de\/shop\/wp-content\/uploads\/2024\/01\/verband-23.jpg?ssl=1\" data-amp-layout=\"responsive\"\/><\/figure><\/div><\/div><\/div><\/div><\/div>\n\n\n\n<div style=\"height:40px\" aria-hidden=\"true\" class=\"wp-block-spacer\"><\/div>\n\n\n\n<h2 class=\"wp-block-heading has-large-font-size\">KONTAKT:<\/h2>\n\n\n<div class=\"wp-block-jetpack-contact-form is-layout-flex wp-container-jetpack-contact-form-is-layout-026b38f8 wp-block-jetpack-contact-form-is-layout-flex\"><a href=\"https:\/\/refpro.de\/shop\/ueber-uns\/\" target=\"_blank\" rel=\"noopener noreferrer\">Formular einreichen.<\/a><\/div>","protected":false},"excerpt":{"rendered":"<p>Werde auch Du zum REFPRO Wir sind seit Jahren erfolgreich als Fu\u00dfball-Schiedsrichter auf vielen Pl\u00e4tzen in Deutschland und \u00d6sterreich unterwegs. Aber eins hatte uns immer gest\u00f6rt. F\u00fcr eine optimale Spielleitung braucht man st\u00e4ndige Kommunikation mit seinen Assistenten. Klar kennt jeder die Spr\u00fcche \u00e4lterer Kollegen:&#8222;Damals hats auch ohne funktioniert.&#8220;Aber warum nicht die Technik nutzen, wenn wir&hellip;&nbsp;<a href=\"https:\/\/refpro.de\/shop\/ueber-uns\/\" rel=\"bookmark\">Weiterlesen &raquo;<span class=\"screen-reader-text\">\u00dcber Uns<\/span><\/a><\/p>\n","protected":false},"author":1,"featured_media":0,"parent":0,"menu_order":0,"comment_status":"closed","ping_status":"closed","template":"","meta":{"neve_meta_sidebar":"","neve_meta_container":"","neve_meta_enable_content_width":"","neve_meta_content_width":0,"neve_meta_title_alignment":"","neve_meta_author_avatar":"","neve_post_elements_order":"","neve_meta_disable_header":"","neve_meta_disable_footer":"","neve_meta_disable_title":"","_themeisle_gutenberg_block_has_review":false,"footnotes":""},"class_list":["post-1050","page","type-page","status-publish","hentry"],"aioseo_notices":[],"jetpack_sharing_enabled":true,"_links":{"self":[{"href":"https:\/\/refpro.de\/shop\/wp-json\/wp\/v2\/pages\/1050","targetHints":{"allow":["GET"]}}],"collection":[{"href":"https:\/\/refpro.de\/shop\/wp-json\/wp\/v2\/pages"}],"about":[{"href":"https:\/\/refpro.de\/shop\/wp-json\/wp\/v2\/types\/page"}],"author":[{"embeddable":true,"href":"https:\/\/refpro.de\/shop\/wp-json\/wp\/v2\/users\/1"}],"replies":[{"embeddable":true,"href":"https:\/\/refpro.de\/shop\/wp-json\/wp\/v2\/comments?post=1050"}],"version-history":[{"count":3,"href":"https:\/\/refpro.de\/shop\/wp-json\/wp\/v2\/pages\/1050\/revisions"}],"predecessor-version":[{"id":2224,"href":"https:\/\/refpro.de\/shop\/wp-json\/wp\/v2\/pages\/1050\/revisions\/2224"}],"wp:attachment":[{"href":"https:\/\/refpro.de\/shop\/wp-json\/wp\/v2\/media?parent=1050"}],"curies":[{"name":"wp","href":"https:\/\/api.w.org\/{rel}","templated":true}]}}